{"id":79,"date":"2020-09-20T11:23:42","date_gmt":"2020-09-20T11:23:42","guid":{"rendered":"http:\/\/www.jela.fi\/?page_id=79"},"modified":"2025-11-27T06:54:04","modified_gmt":"2025-11-27T06:54:04","slug":"yhteystiedot","status":"publish","type":"page","link":"https:\/\/www.jela.fi\/index.php\/yhteystiedot\/","title":{"rendered":"Yhteystiedot"},"content":{"rendered":"<p>[et_pb_section fb_built=&#8221;1&#8243; admin_label=&#8221;Header&#8221; _builder_version=&#8221;4.16&#8243; background_color=&#8221;#fff6ef&#8221; background_image=&#8221;https:\/\/www.jela.fi\/wp-content\/uploads\/2020\/09\/vet-16.png&#8221; background_size=&#8221;initial&#8221; background_position=&#8221;bottom_center&#8221; custom_padding=&#8221;||144px|||&#8221; background_last_edited=&#8221;on|phone&#8221; use_background_color_gradient_tablet=&#8221;off&#8221; use_background_color_gradient_phone=&#8221;off&#8221; background_color_gradient_direction_tablet=&#8221;180deg&#8221; background_color_gradient_stops_tablet=&#8221;#2b87da 0%|rgba(255,112,0,0) 100%&#8221; background_color_gradient_stops_phone=&#8221;#2b87da 36%|rgba(255,112,0,0) 100%&#8221; background_color_gradient_start_position_phone=&#8221;36%&#8221; background_color_gradient_end_tablet=&#8221;rgba(255,112,0,0)&#8221; background_color_gradient_end_phone=&#8221;rgba(255,112,0,0)&#8221; background_color_gradient_end_position_tablet=&#8221;100%&#8221; background_color_gradient_end_position_phone=&#8221;100%&#8221; background_image_tablet=&#8221;https:\/\/zaib.sandbox.etdevs.com\/divi\/wp-content\/uploads\/sites\/2\/2019\/05\/vet-18.png&#8221; background_image_phone=&#8221;https:\/\/zaib.sandbox.etdevs.com\/divi\/wp-content\/uploads\/sites\/2\/2019\/05\/vet-19.png&#8221; background_size_tablet=&#8221;initial&#8221; background_position_tablet=&#8221;bottom_center&#8221; da_disable_devices=&#8221;off|off|off&#8221; border_style_all_tablet=&#8221;&#8221; border_style_all_phone=&#8221;&#8221; border_style_all_last_edited=&#8221;on|tablet&#8221; locked=&#8221;off&#8221; global_colors_info=&#8221;{}&#8221; da_is_popup=&#8221;off&#8221; da_exit_intent=&#8221;off&#8221; da_has_close=&#8221;on&#8221; da_alt_close=&#8221;off&#8221; da_dark_close=&#8221;off&#8221; da_not_modal=&#8221;on&#8221; da_is_singular=&#8221;off&#8221; da_with_loader=&#8221;off&#8221; da_has_shadow=&#8221;on&#8221;][et_pb_row column_structure=&#8221;1_3,1_3,1_3&#8243; _builder_version=&#8221;4.18.0&#8243; module_alignment=&#8221;center&#8221; custom_margin=&#8221;|-1px||219px||&#8221; global_colors_info=&#8221;{}&#8221;][et_pb_column type=&#8221;1_3&#8243; _builder_version=&#8221;4.16&#8243; custom_padding=&#8221;|||&#8221; global_colors_info=&#8221;{}&#8221; custom_padding__hover=&#8221;|||&#8221;][et_pb_text _builder_version=&#8221;4.16&#8243; text_font=&#8221;||||||||&#8221; text_font_size=&#8221;18px&#8221; text_line_height=&#8221;1.8em&#8221; header_font=&#8221;||||||||&#8221; header_2_font=&#8221;Nunito|700|||||||&#8221; header_2_font_size=&#8221;32px&#8221; header_2_line_height=&#8221;1.4em&#8221; text_font_size_tablet=&#8221;&#8221; text_font_size_phone=&#8221;14px&#8221; text_font_size_last_edited=&#8221;on|phone&#8221; header_2_font_size_tablet=&#8221;&#8221; header_2_font_size_phone=&#8221;22px&#8221; header_2_font_size_last_edited=&#8221;on|phone&#8221; text_text_align=&#8221;center&#8221; global_colors_info=&#8221;{}&#8221;]<\/p>\n<h2>El\u00e4inyst\u00e4v\u00e4t palveluksessasi:<\/h2>\n<p>[\/et_pb_text][\/et_pb_column][et_pb_column type=&#8221;1_3&#8243; _builder_version=&#8221;4.16&#8243; global_colors_info=&#8221;{}&#8221;][et_pb_blurb title=&#8221;El\u00e4inl\u00e4\u00e4k\u00e4ri Jussi Hyv\u00f6nen&#8221; image=&#8221;https:\/\/www.jela.fi\/wp-content\/uploads\/2020\/09\/Jussi-Hyvonen.jpg&#8221; _builder_version=&#8221;4.16&#8243; header_font=&#8221;Nunito|700|||||||&#8221; header_font_size=&#8221;24px&#8221; header_line_height=&#8221;1.1em&#8221; body_font=&#8221;||||||||&#8221; body_link_font=&#8221;Nunito|700|||||||&#8221; body_link_text_color=&#8221;#316eff&#8221; background_color=&#8221;#ffffff&#8221; text_orientation=&#8221;center&#8221; custom_margin=&#8221;||10px&#8221; custom_padding=&#8221;40px|30px|40px|30px|true|true&#8221; header_font_size_tablet=&#8221;&#8221; header_font_size_phone=&#8221;18px&#8221; header_font_size_last_edited=&#8221;on|phone&#8221; border_radii=&#8221;on|10px|10px|10px|10px&#8221; box_shadow_style=&#8221;preset3&#8243; box_shadow_vertical=&#8221;60px&#8221; box_shadow_blur=&#8221;120px&#8221; box_shadow_color=&#8221;rgba(0,0,0,0.2)&#8221; locked=&#8221;off&#8221; global_colors_info=&#8221;{}&#8221;][\/et_pb_blurb][\/et_pb_column][et_pb_column type=&#8221;1_3&#8243; _builder_version=&#8221;4.16&#8243; _module_preset=&#8221;default&#8221; global_colors_info=&#8221;{}&#8221;][et_pb_blurb title=&#8221;El\u00e4inl\u00e4\u00e4k\u00e4ri Josefiina Hansen&#8221; _builder_version=&#8221;4.18.0&#8243; header_font=&#8221;Nunito|700|||||||&#8221; header_font_size=&#8221;24px&#8221; header_line_height=&#8221;1.1em&#8221; body_font=&#8221;||||||||&#8221; body_link_font=&#8221;Nunito|700|||||||&#8221; body_link_text_color=&#8221;#316eff&#8221; background_color=&#8221;#ffffff&#8221; text_orientation=&#8221;center&#8221; custom_margin=&#8221;||10px&#8221; custom_padding=&#8221;40px|30px|40px|30px|true|true&#8221; header_font_size_tablet=&#8221;&#8221; header_font_size_phone=&#8221;18px&#8221; header_font_size_last_edited=&#8221;on|phone&#8221; border_radii=&#8221;on|10px|10px|10px|10px&#8221; box_shadow_style=&#8221;preset3&#8243; box_shadow_vertical=&#8221;60px&#8221; box_shadow_blur=&#8221;120px&#8221; box_shadow_color=&#8221;rgba(0,0,0,0.2)&#8221; locked=&#8221;off&#8221; global_colors_info=&#8221;{}&#8221;][\/et_pb_blurb][et_pb_blurb title=&#8221;El\u00e4inl\u00e4\u00e4k\u00e4ri Noora Forsblom&#8221; _builder_version=&#8221;4.18.0&#8243; header_font=&#8221;Nunito|700|||||||&#8221; header_font_size=&#8221;24px&#8221; header_line_height=&#8221;1.1em&#8221; body_font=&#8221;||||||||&#8221; body_link_font=&#8221;Nunito|700|||||||&#8221; body_link_text_color=&#8221;#316eff&#8221; background_color=&#8221;#ffffff&#8221; text_orientation=&#8221;center&#8221; custom_margin=&#8221;||10px&#8221; custom_padding=&#8221;40px|30px|40px|30px|true|true&#8221; header_font_size_tablet=&#8221;&#8221; header_font_size_phone=&#8221;18px&#8221; header_font_size_last_edited=&#8221;on|phone&#8221; border_radii=&#8221;on|10px|10px|10px|10px&#8221; box_shadow_style=&#8221;preset3&#8243; box_shadow_vertical=&#8221;60px&#8221; box_shadow_blur=&#8221;120px&#8221; box_shadow_color=&#8221;rgba(0,0,0,0.2)&#8221; locked=&#8221;off&#8221; global_colors_info=&#8221;{}&#8221;][\/et_pb_blurb][et_pb_blurb title=&#8221;Klinikkael\u00e4intenhoitaja Marika Heikkinen&#8221; _builder_version=&#8221;4.18.0&#8243; header_font=&#8221;Nunito|700|||||||&#8221; header_font_size=&#8221;24px&#8221; header_line_height=&#8221;1.1em&#8221; body_font=&#8221;||||||||&#8221; body_link_font=&#8221;Nunito|700|||||||&#8221; body_link_text_color=&#8221;#316eff&#8221; background_color=&#8221;#ffffff&#8221; text_orientation=&#8221;center&#8221; custom_margin=&#8221;||10px&#8221; custom_padding=&#8221;40px|30px|40px|30px|true|true&#8221; header_font_size_tablet=&#8221;&#8221; header_font_size_phone=&#8221;18px&#8221; header_font_size_last_edited=&#8221;on|phone&#8221; border_radii=&#8221;on|10px|10px|10px|10px&#8221; box_shadow_style=&#8221;preset3&#8243; box_shadow_vertical=&#8221;60px&#8221; box_shadow_blur=&#8221;120px&#8221; box_shadow_color=&#8221;rgba(0,0,0,0.2)&#8221; locked=&#8221;off&#8221; global_colors_info=&#8221;{}&#8221;][\/et_pb_blurb][et_pb_blurb title=&#8221;Klinikkael\u00e4inhoitaja     Miia Niiranen&#8221; _builder_version=&#8221;4.27.0&#8243; header_font=&#8221;Nunito|700|||||||&#8221; header_font_size=&#8221;24px&#8221; header_line_height=&#8221;1.1em&#8221; body_font=&#8221;||||||||&#8221; body_link_font=&#8221;Nunito|700|||||||&#8221; body_link_text_color=&#8221;#316eff&#8221; background_color=&#8221;#ffffff&#8221; text_orientation=&#8221;center&#8221; custom_margin=&#8221;||10px&#8221; custom_padding=&#8221;40px|30px|40px|30px|true|true&#8221; header_font_size_tablet=&#8221;&#8221; header_font_size_phone=&#8221;18px&#8221; header_font_size_last_edited=&#8221;on|phone&#8221; border_radii=&#8221;on|10px|10px|10px|10px&#8221; box_shadow_style=&#8221;preset3&#8243; box_shadow_vertical=&#8221;60px&#8221; box_shadow_blur=&#8221;120px&#8221; box_shadow_color=&#8221;rgba(0,0,0,0.2)&#8221; locked=&#8221;off&#8221; global_colors_info=&#8221;{}&#8221;][\/et_pb_blurb][et_pb_blurb title=&#8221;Klinikkael\u00e4intenhoitaja Tiina K\u00e4yhk\u00f6&#8221; _builder_version=&#8221;4.27.4&#8243; header_font=&#8221;Nunito|700|||||||&#8221; header_font_size=&#8221;24px&#8221; header_line_height=&#8221;1.1em&#8221; body_font=&#8221;||||||||&#8221; body_link_font=&#8221;Nunito|700|||||||&#8221; body_link_text_color=&#8221;#316eff&#8221; background_color=&#8221;#ffffff&#8221; text_orientation=&#8221;center&#8221; min_height=&#8221;127.8px&#8221; custom_margin=&#8221;||10px&#8221; custom_padding=&#8221;34px|30px|34px|30px|true|true&#8221; header_font_size_tablet=&#8221;&#8221; header_font_size_phone=&#8221;18px&#8221; header_font_size_last_edited=&#8221;on|phone&#8221; border_radii=&#8221;on|10px|10px|10px|10px&#8221; box_shadow_style=&#8221;preset3&#8243; box_shadow_vertical=&#8221;60px&#8221; box_shadow_blur=&#8221;120px&#8221; box_shadow_color=&#8221;rgba(0,0,0,0.2)&#8221; locked=&#8221;off&#8221; global_colors_info=&#8221;{}&#8221;][\/et_pb_blurb][et_pb_blurb title=&#8221;Klinikkael\u00e4inhoitajaopiskelija Tiia Turunen&#8221; _builder_version=&#8221;4.27.4&#8243; header_font=&#8221;Nunito|700|||||||&#8221; header_font_size=&#8221;24px&#8221; header_line_height=&#8221;1.1em&#8221; body_font=&#8221;||||||||&#8221; body_link_font=&#8221;Nunito|700|||||||&#8221; body_link_text_color=&#8221;#316eff&#8221; background_color=&#8221;#ffffff&#8221; text_orientation=&#8221;center&#8221; min_height=&#8221;127.8px&#8221; custom_margin=&#8221;||10px&#8221; custom_padding=&#8221;34px|30px|34px|30px|true|true&#8221; header_font_size_tablet=&#8221;&#8221; header_font_size_phone=&#8221;18px&#8221; header_font_size_last_edited=&#8221;on|phone&#8221; border_radii=&#8221;on|10px|10px|10px|10px&#8221; box_shadow_style=&#8221;preset3&#8243; box_shadow_vertical=&#8221;60px&#8221; box_shadow_blur=&#8221;120px&#8221; box_shadow_color=&#8221;rgba(0,0,0,0.2)&#8221; locked=&#8221;off&#8221; global_colors_info=&#8221;{}&#8221;][\/et_pb_blurb][et_pb_blurb title=&#8221;El\u00e4inl\u00e4\u00e4k\u00e4ri Ronja Harinen&#8221; _builder_version=&#8221;4.27.0&#8243; header_font=&#8221;Nunito|700|||||||&#8221; header_font_size=&#8221;24px&#8221; header_line_height=&#8221;1.1em&#8221; body_font=&#8221;||||||||&#8221; body_link_font=&#8221;Nunito|700|||||||&#8221; body_link_text_color=&#8221;#316eff&#8221; background_color=&#8221;#ffffff&#8221; text_orientation=&#8221;center&#8221; min_height=&#8221;127.8px&#8221; custom_margin=&#8221;||10px&#8221; custom_padding=&#8221;34px|30px|34px|30px|true|true&#8221; header_font_size_tablet=&#8221;&#8221; header_font_size_phone=&#8221;18px&#8221; header_font_size_last_edited=&#8221;on|phone&#8221; border_radii=&#8221;on|10px|10px|10px|10px&#8221; box_shadow_style=&#8221;preset3&#8243; box_shadow_vertical=&#8221;60px&#8221; box_shadow_blur=&#8221;120px&#8221; box_shadow_color=&#8221;rgba(0,0,0,0.2)&#8221; locked=&#8221;off&#8221; global_colors_info=&#8221;{}&#8221;][\/et_pb_blurb][\/et_pb_column][\/et_pb_row][et_pb_row _builder_version=&#8221;4.27.0&#8243; _module_preset=&#8221;default&#8221; global_colors_info=&#8221;{}&#8221;][et_pb_column type=&#8221;4_4&#8243; _builder_version=&#8221;4.27.0&#8243; _module_preset=&#8221;default&#8221; global_colors_info=&#8221;{}&#8221;][\/et_pb_column][\/et_pb_row][et_pb_row _builder_version=&#8221;4.16&#8243; max_width=&#8221;460px&#8221; global_colors_info=&#8221;{}&#8221;][et_pb_column type=&#8221;4_4&#8243; _builder_version=&#8221;4.16&#8243; custom_padding=&#8221;|||&#8221; global_colors_info=&#8221;{}&#8221; custom_padding__hover=&#8221;|||&#8221;][et_pb_text _builder_version=&#8221;4.16&#8243; text_font=&#8221;Nunito|800||on|||||&#8221; text_letter_spacing=&#8221;2px&#8221; use_background_color_gradient=&#8221;on&#8221; background_color_gradient_direction=&#8221;90deg&#8221; background_color_gradient_stops=&#8221;#316eff 50%|#1d2b60 100%&#8221; background_color_gradient_start=&#8221;#316eff&#8221; background_color_gradient_start_position=&#8221;50%&#8221; background_color_gradient_end=&#8221;#1d2b60&#8243; background_layout=&#8221;dark&#8221; width=&#8221;84%&#8221; width_last_edited=&#8221;off|desktop&#8221; custom_margin=&#8221;||0px|||false&#8221; custom_padding=&#8221;16px|30px|16px|30px|true|true&#8221; border_radii=&#8221;on|80px|80px|80px|80px&#8221; box_shadow_style=&#8221;preset3&#8243; box_shadow_color=&#8221;rgba(49,110,255,0.4)&#8221; global_colors_info=&#8221;{}&#8221; width__hover_enabled=&#8221;on&#8221; width__hover=&#8221;100%&#8221; custom_padding__hover_enabled=&#8221;on&#8221; custom_padding__hover=&#8221;|10px||50px||false&#8221; box_shadow_color__hover_enabled=&#8221;on&#8221; box_shadow_color__hover=&#8221;rgba(49,110,255,0.6)&#8221;]<\/p>\n<p>Varaa aika numerosta 050 454 5541<\/p>\n<p>[\/et_pb_text][\/et_pb_column][\/et_pb_row][\/et_pb_section][et_pb_section fb_built=&#8221;1&#8243; admin_label=&#8221;Contact Info&#8221; _builder_version=&#8221;4.16&#8243; background_color=&#8221;#fff6ef&#8221; z_index=&#8221;10&#8243; custom_padding=&#8221;||0px|||&#8221; da_disable_devices=&#8221;off|off|off&#8221; locked=&#8221;off&#8221; global_colors_info=&#8221;{}&#8221; da_is_popup=&#8221;off&#8221; da_exit_intent=&#8221;off&#8221; da_has_close=&#8221;on&#8221; da_alt_close=&#8221;off&#8221; da_dark_close=&#8221;off&#8221; da_not_modal=&#8221;on&#8221; da_is_singular=&#8221;off&#8221; da_with_loader=&#8221;off&#8221; da_has_shadow=&#8221;on&#8221;][et_pb_row column_structure=&#8221;1_3,1_3,1_3&#8243; use_custom_gutter=&#8221;on&#8221; gutter_width=&#8221;2&#8243; _builder_version=&#8221;4.16&#8243; background_color=&#8221;#ffffff&#8221; background_image=&#8221;https:\/\/www.jela.fi\/wp-content\/uploads\/2020\/09\/vet-04.png&#8221; background_size=&#8221;initial&#8221; background_position=&#8221;bottom_right&#8221; max_width=&#8221;1140px&#8221; custom_padding=&#8221;|30px|75px|30px||true&#8221; border_radii=&#8221;on|10px|10px|10px|10px&#8221; box_shadow_style=&#8221;preset3&#8243; box_shadow_vertical=&#8221;90px&#8221; box_shadow_blur=&#8221;180px&#8221; box_shadow_spread=&#8221;-30px&#8221; box_shadow_color=&#8221;rgba(0,0,0,0.12)&#8221; global_colors_info=&#8221;{}&#8221;][et_pb_column type=&#8221;1_3&#8243; _builder_version=&#8221;4.16&#8243; custom_padding=&#8221;|||&#8221; global_colors_info=&#8221;{}&#8221; custom_padding__hover=&#8221;|||&#8221;][et_pb_text _builder_version=&#8221;4.16&#8243; text_font=&#8221;||||||||&#8221; text_font_size=&#8221;18px&#8221; text_line_height=&#8221;1.8em&#8221; header_font=&#8221;||||||||&#8221; header_2_font=&#8221;Nunito|700|||||||&#8221; header_2_font_size=&#8221;32px&#8221; header_2_line_height=&#8221;1.4em&#8221; text_font_size_tablet=&#8221;&#8221; text_font_size_phone=&#8221;14px&#8221; text_font_size_last_edited=&#8221;on|phone&#8221; header_2_font_size_tablet=&#8221;&#8221; header_2_font_size_phone=&#8221;22px&#8221; header_2_font_size_last_edited=&#8221;on|phone&#8221; locked=&#8221;off&#8221; global_colors_info=&#8221;{}&#8221;]<\/p>\n<h2>Joen El\u00e4inl\u00e4\u00e4k\u00e4riasema<\/h2>\n<p>[\/et_pb_text][et_pb_text _builder_version=&#8221;4.16&#8243; text_font=&#8221;||||||||&#8221; text_font_size=&#8221;18px&#8221; text_line_height=&#8221;1.8em&#8221; header_font=&#8221;||||||||&#8221; header_2_font=&#8221;Nunito|700|||||||&#8221; header_2_font_size=&#8221;32px&#8221; header_2_line_height=&#8221;1.4em&#8221; text_font_size_tablet=&#8221;&#8221; text_font_size_phone=&#8221;14px&#8221; text_font_size_last_edited=&#8221;on|phone&#8221; header_2_font_size_tablet=&#8221;&#8221; header_2_font_size_phone=&#8221;22px&#8221; header_2_font_size_last_edited=&#8221;on|phone&#8221; locked=&#8221;off&#8221; global_colors_info=&#8221;{}&#8221;]<\/p>\n<h3>Yst\u00e4v\u00e4llist\u00e4 ja asiantuntevaa hoitoa el\u00e4inyst\u00e4v\u00e4si parhaaksi.<\/h3>\n<p>[\/et_pb_text][\/et_pb_column][et_pb_column type=&#8221;1_3&#8243; _builder_version=&#8221;4.16&#8243; custom_padding=&#8221;|||&#8221; global_colors_info=&#8221;{}&#8221; custom_padding__hover=&#8221;|||&#8221;][et_pb_text _builder_version=&#8221;4.16&#8243; text_font=&#8221;||||||||&#8221; header_font=&#8221;||||||||&#8221; header_3_font=&#8221;Nunito|800||on|||||&#8221; header_3_text_color=&#8221;#ff7000&#8243; header_3_font_size=&#8221;14px&#8221; header_3_letter_spacing=&#8221;2px&#8221; header_3_line_height=&#8221;1.4em&#8221; locked=&#8221;off&#8221; global_colors_info=&#8221;{}&#8221;]<\/p>\n<h3>Yhteystiedot<\/h3>\n<p>[\/et_pb_text][et_pb_blurb title=&#8221;Tulliportinkatu 50, 80130 Joensuu, Finland&#8221; use_icon=&#8221;on&#8221; font_icon=&#8221;&#xe081;||divi||400&#8243; icon_color=&#8221;rgba(0,0,0,0.12)&#8221; icon_placement=&#8221;left&#8221; image_icon_width=&#8221;16px&#8221; _builder_version=&#8221;4.16&#8243; header_font=&#8221;Nunito|700|||||||&#8221; header_font_size=&#8221;15px&#8221; header_line_height=&#8221;1.1em&#8221; custom_margin=&#8221;||10px&#8221; icon_font_size=&#8221;16px&#8221; global_colors_info=&#8221;{}&#8221;][\/et_pb_blurb][et_pb_blurb title=&#8221;050 454 5541&#8243; use_icon=&#8221;on&#8221; font_icon=&#8221;&#xe090;||divi||400&#8243; icon_color=&#8221;rgba(0,0,0,0.12)&#8221; icon_placement=&#8221;left&#8221; image_icon_width=&#8221;16px&#8221; _builder_version=&#8221;4.16&#8243; header_font=&#8221;Nunito|700|||||||&#8221; header_font_size=&#8221;15px&#8221; header_line_height=&#8221;1.1em&#8221; custom_margin=&#8221;||10px&#8221; icon_font_size=&#8221;16px&#8221; global_colors_info=&#8221;{}&#8221;][\/et_pb_blurb][et_pb_blurb title=&#8221;jela@jela.fi&#8221; use_icon=&#8221;on&#8221; font_icon=&#8221;&#xe090;||divi||400&#8243; icon_color=&#8221;rgba(0,0,0,0.12)&#8221; icon_placement=&#8221;left&#8221; image_icon_width=&#8221;16px&#8221; _builder_version=&#8221;4.18.0&#8243; header_font=&#8221;Nunito|700|||||||&#8221; header_font_size=&#8221;15px&#8221; header_line_height=&#8221;1.1em&#8221; custom_margin=&#8221;||10px&#8221; icon_font_size=&#8221;16px&#8221; global_colors_info=&#8221;{}&#8221;][\/et_pb_blurb][\/et_pb_column][et_pb_column type=&#8221;1_3&#8243; _builder_version=&#8221;4.16&#8243; custom_padding=&#8221;|||&#8221; global_colors_info=&#8221;{}&#8221; custom_padding__hover=&#8221;|||&#8221;][et_pb_text _builder_version=&#8221;4.18.0&#8243; text_font=&#8221;||||||||&#8221; header_font=&#8221;||||||||&#8221; header_3_font=&#8221;Nunito|800||on|||||&#8221; header_3_text_color=&#8221;#ff7000&#8243; header_3_font_size=&#8221;14px&#8221; header_3_letter_spacing=&#8221;2px&#8221; header_3_line_height=&#8221;1.4em&#8221; locked=&#8221;off&#8221; global_colors_info=&#8221;{}&#8221;]<\/p>\n<h3>Aukioloajat<\/h3>\n<h4><\/h4>\n<p>[\/et_pb_text][et_pb_blurb title=&#8221;Ma-To: 09:00 &#8211; 18:00&#8243; use_icon=&#8221;on&#8221; font_icon=&#8221;&#xe06b;||divi||400&#8243; icon_color=&#8221;rgba(0,0,0,0.12)&#8221; icon_placement=&#8221;left&#8221; image_icon_width=&#8221;16px&#8221; _builder_version=&#8221;4.27.4&#8243; header_font=&#8221;Nunito|700|||||||&#8221; header_font_size=&#8221;15px&#8221; header_line_height=&#8221;1.1em&#8221; custom_margin=&#8221;||10px&#8221; hover_enabled=&#8221;0&#8243; icon_font_size=&#8221;16px&#8221; locked=&#8221;off&#8221; global_colors_info=&#8221;{}&#8221; sticky_enabled=&#8221;0&#8243;][\/et_pb_blurb][et_pb_blurb title=&#8221;Pe: 09:00 &#8211; 14:00&#8243; use_icon=&#8221;on&#8221; font_icon=&#8221;&#xe06b;||divi||400&#8243; icon_color=&#8221;rgba(0,0,0,0.12)&#8221; icon_placement=&#8221;left&#8221; image_icon_width=&#8221;16px&#8221; _builder_version=&#8221;4.27.4&#8243; header_font=&#8221;Nunito|700|||||||&#8221; header_font_size=&#8221;15px&#8221; header_line_height=&#8221;1.1em&#8221; custom_margin=&#8221;||10px&#8221; hover_enabled=&#8221;0&#8243; icon_font_size=&#8221;16px&#8221; locked=&#8221;off&#8221; global_colors_info=&#8221;{}&#8221; sticky_enabled=&#8221;0&#8243;][\/et_pb_blurb][\/et_pb_column][\/et_pb_row][\/et_pb_section][et_pb_section fb_built=&#8221;1&#8243; _builder_version=&#8221;4.27.4&#8243; _module_preset=&#8221;default&#8221; da_disable_devices=&#8221;off|off|off&#8221; global_colors_info=&#8221;{}&#8221; da_is_popup=&#8221;off&#8221; da_exit_intent=&#8221;off&#8221; da_has_close=&#8221;on&#8221; da_alt_close=&#8221;off&#8221; da_dark_close=&#8221;off&#8221; da_not_modal=&#8221;on&#8221; da_is_singular=&#8221;off&#8221; da_with_loader=&#8221;off&#8221; da_has_shadow=&#8221;on&#8221;][et_pb_row _builder_version=&#8221;4.27.4&#8243; _module_preset=&#8221;default&#8221; global_colors_info=&#8221;{}&#8221;][et_pb_column type=&#8221;4_4&#8243; _builder_version=&#8221;4.27.4&#8243; _module_preset=&#8221;default&#8221; global_colors_info=&#8221;{}&#8221;][et_pb_text _builder_version=&#8221;4.27.4&#8243; _module_preset=&#8221;default&#8221; text_font_size=&#8221;16px&#8221; global_colors_info=&#8221;{}&#8221;][\/et_pb_text][\/et_pb_column][\/et_pb_row][\/et_pb_section][et_pb_section fb_built=&#8221;1&#8243; prev_background_color=&#8221;#000000&#8243; admin_label=&#8221;Email&#8221; _builder_version=&#8221;4.16&#8243; custom_padding=&#8221;0px|||||&#8221; top_divider_style=&#8221;wave&#8221; top_divider_height=&#8221;10vw&#8221; da_disable_devices=&#8221;off|off|off&#8221; global_colors_info=&#8221;{}&#8221; da_is_popup=&#8221;off&#8221; da_exit_intent=&#8221;off&#8221; da_has_close=&#8221;on&#8221; da_alt_close=&#8221;off&#8221; da_dark_close=&#8221;off&#8221; da_not_modal=&#8221;on&#8221; da_is_singular=&#8221;off&#8221; da_with_loader=&#8221;off&#8221; da_has_shadow=&#8221;on&#8221;][\/et_pb_section][et_pb_section fb_built=&#8221;1&#8243; admin_label=&#8221;Map&#8221; _builder_version=&#8221;4.16&#8243; da_disable_devices=&#8221;off|off|off&#8221; global_colors_info=&#8221;{}&#8221; da_is_popup=&#8221;off&#8221; da_exit_intent=&#8221;off&#8221; da_has_close=&#8221;on&#8221; da_alt_close=&#8221;off&#8221; da_dark_close=&#8221;off&#8221; da_not_modal=&#8221;on&#8221; da_is_singular=&#8221;off&#8221; da_with_loader=&#8221;off&#8221; da_has_shadow=&#8221;on&#8221;][et_pb_row column_structure=&#8221;1_2,1_2&#8243; _builder_version=&#8221;4.16&#8243; global_colors_info=&#8221;{}&#8221;][et_pb_column type=&#8221;1_2&#8243; _builder_version=&#8221;4.16&#8243; custom_padding=&#8221;|||&#8221; global_colors_info=&#8221;{}&#8221; custom_padding__hover=&#8221;|||&#8221;][et_pb_blurb title=&#8221;Sis\u00e4\u00e4nk\u00e4ynti Kaislakadun puolelta&#8221; image=&#8221;https:\/\/www.jela.fi\/wp-content\/uploads\/2020\/09\/veterinarian-icon-11.png&#8221; _builder_version=&#8221;4.16&#8243; header_font=&#8221;Nunito|700|||||||&#8221; header_font_size=&#8221;24px&#8221; header_line_height=&#8221;1.1em&#8221; body_font=&#8221;Nunito|700|||||||&#8221; body_text_color=&#8221;#316eff&#8221; body_link_font=&#8221;Nunito|700|||||||&#8221; body_link_text_color=&#8221;#316eff&#8221; background_color=&#8221;#ffffff&#8221; text_orientation=&#8221;center&#8221; custom_margin=&#8221;||10px&#8221; custom_padding=&#8221;40px|30px|40px|30px|true|true&#8221; header_font_size_tablet=&#8221;&#8221; header_font_size_phone=&#8221;18px&#8221; header_font_size_last_edited=&#8221;on|phone&#8221; border_radii=&#8221;on|10px|10px|10px|10px&#8221; box_shadow_style=&#8221;preset3&#8243; box_shadow_vertical=&#8221;60px&#8221; box_shadow_blur=&#8221;120px&#8221; box_shadow_color=&#8221;rgba(0,0,0,0.2)&#8221; locked=&#8221;off&#8221; global_colors_info=&#8221;{}&#8221;]Tulliportinkatu 50<br \/>\n80130 JOENSUU<br \/>\npuh. 050 454 5541<br \/>\nwww.jela.fi[\/et_pb_blurb][et_pb_blurb _builder_version=&#8221;4.23.1&#8243; _module_preset=&#8221;default&#8221; global_colors_info=&#8221;{}&#8221;]<\/p>\n<p>EMME ANNA LASKUJA.<br \/>MAKSUV\u00c4LINEEN\u00c4 MEILL\u00c4 K\u00c4Y<\/p>\n<p>\u2022 k\u00e4teinen<br \/>\u2022 pankkikortti<br \/>\u2022 luottokortti<\/p>\n<p>* * *<\/p>\n<p>Ajanvaraus tulee peruuttaa tai siirt\u00e4\u00e4 puhelimitse (050 454 5541) tai s\u00e4hk\u00f6postilla (jela@jela.fi) viimeist\u00e4\u00e4n 24h ennen varattua aikaa. My\u00f6hemmin tehdyst\u00e4 peruutuksesta tai peruuttamattomasta ajanvarauksesta veloitamme 50% varatun k\u00e4ynnin hinnasta.<\/p>\n<p>[\/et_pb_blurb][\/et_pb_column][et_pb_column type=&#8221;1_2&#8243; _builder_version=&#8221;4.16&#8243; custom_padding=&#8221;|||&#8221; global_colors_info=&#8221;{}&#8221; custom_padding__hover=&#8221;|||&#8221;][et_pb_text _builder_version=&#8221;4.16&#8243; text_orientation=&#8221;center&#8221; global_colors_info=&#8221;{}&#8221;]<\/p>\n<p><iframe loading=\"lazy\" src=\"https:\/\/www.google.com\/maps\/embed?pb=!1m18!1m12!1m3!1d1835.2368146440972!2d29.738128816207222!3d62.61418008292622!2m3!1f0!2f0!3f0!3m2!1i1024!2i768!4f13.1!3m3!1m2!1s0x469b86925c3186c1%3A0xfcc30a717833bc31!2sTulliportinkatu%2050%2C%2080130%20Joensuu!5e0!3m2!1sfi!2sfi!4v1600602817009!5m2!1sfi!2sfi\" width=\"800\" height=\"650\" frameborder=\"0\" style=\"border:0;\" allowfullscreen=\"\" aria-hidden=\"false\" tabindex=\"0\"><\/iframe><\/p>\n<p>[\/et_pb_text][\/et_pb_column][\/et_pb_row][\/et_pb_section]<\/p>\n","protected":false},"excerpt":{"rendered":"<p>El\u00e4inyst\u00e4v\u00e4t palveluksessasi:Varaa aika numerosta 050 454 5541Joen El\u00e4inl\u00e4\u00e4k\u00e4riasemaYst\u00e4v\u00e4llist\u00e4 ja asiantuntevaa hoitoa el\u00e4inyst\u00e4v\u00e4si parhaaksi.YhteystiedotAukioloajat Tulliportinkatu 50 80130 JOENSUU puh. 050 454 5541 www.jela.fiEMME ANNA LASKUJA.MAKSUV\u00c4LINEEN\u00c4 MEILL\u00c4 K\u00c4Y \u2022 k\u00e4teinen\u2022 pankkikortti\u2022 luottokortti * * * Ajanvaraus tulee peruuttaa tai siirt\u00e4\u00e4 puhelimitse (050 454 5541) tai s\u00e4hk\u00f6postilla (jela@jela.fi) viimeist\u00e4\u00e4n 24h ennen varattua aikaa. My\u00f6hemmin tehdyst\u00e4 peruutuksesta tai peruuttamattomasta [&hellip;]<\/p>\n","protected":false},"author":1,"featured_media":0,"parent":0,"menu_order":0,"comment_status":"closed","ping_status":"closed","template":"","meta":{"_et_pb_use_builder":"on","_et_pb_old_content":"","_et_gb_content_width":"","footnotes":""},"class_list":["post-79","page","type-page","status-publish","hentry"],"_links":{"self":[{"href":"https:\/\/www.jela.fi\/index.php\/wp-json\/wp\/v2\/pages\/79","targetHints":{"allow":["GET"]}}],"collection":[{"href":"https:\/\/www.jela.fi\/index.php\/wp-json\/wp\/v2\/pages"}],"about":[{"href":"https:\/\/www.jela.fi\/index.php\/wp-json\/wp\/v2\/types\/page"}],"author":[{"embeddable":true,"href":"https:\/\/www.jela.fi\/index.php\/wp-json\/wp\/v2\/users\/1"}],"replies":[{"embeddable":true,"href":"https:\/\/www.jela.fi\/index.php\/wp-json\/wp\/v2\/comments?post=79"}],"version-history":[{"count":85,"href":"https:\/\/www.jela.fi\/index.php\/wp-json\/wp\/v2\/pages\/79\/revisions"}],"predecessor-version":[{"id":426,"href":"https:\/\/www.jela.fi\/index.php\/wp-json\/wp\/v2\/pages\/79\/revisions\/426"}],"wp:attachment":[{"href":"https:\/\/www.jela.fi\/index.php\/wp-json\/wp\/v2\/media?parent=79"}],"curies":[{"name":"wp","href":"https:\/\/api.w.org\/{rel}","templated":true}]}}